{"id":2835,"date":"2020-12-01T15:48:06","date_gmt":"2020-12-01T14:48:06","guid":{"rendered":"http:\/\/acma.ch\/new\/wordpress\/?page_id=2835"},"modified":"2022-03-22T09:36:19","modified_gmt":"2022-03-22T08:36:19","slug":"nos-concerts-en-2021","status":"publish","type":"page","link":"https:\/\/acma.ch\/new\/wordpress\/nos-concerts-en-2021\/","title":{"rendered":"LUTHS ET THEORBES 2021"},"content":{"rendered":"<p>[et_pb_section fb_built=\u00a0\u00bb1&Prime; background_color=\u00a0\u00bbrgba(43,117,119,0.24)\u00a0\u00bb admin_label=\u00a0\u00bbsection LT21&Prime;][et_pb_row admin_label=\u00a0\u00bbLigne\u00a0\u00bb][et_pb_column type=\u00a0\u00bb4_4&Prime; parallax=\u00a0\u00bboff\u00a0\u00bb parallax_method=\u00a0\u00bbon\u00a0\u00bb][et_pb_text admin_label=\u00a0\u00bbLT21 s&rsquo;est termin\u00e9&#8230;.\u00a0\u00bb]<\/p>\n<h3 style=\"text-align: center;\">Le Festival Luths et Th&eacute;orbes 2021 s&rsquo;est termin&eacute; le 12 d&eacute;cembre dernier par un concert qui cl&ocirc;turait une saison automnale riche en couleurs.<\/h3>\n<h3 style=\"text-align: center;\">Nous sommes tr&egrave;s heureux de partager avec vous quelques images prises par Jos&eacute; Luis Amaro et Tobias Marschall.<\/h3>\n<h3 style=\"text-align: center;\">Un communiqu&eacute; de presse annoncera tr&egrave;s prochainement les contours de la nouvelle programmation et des festivit&eacute;s de l&rsquo;Association des Concerts de Musique Ancienne de Gen&egrave;ve.<\/h3>\n<p><\/p>\n<p><\/p>\n<p><\/p>\n<p style=\"text-align: center;\"><span style=\"color: #000000; font-size: large;\"><a style=\"color: #000000;\" href=\"https:\/\/cutt.ly\/AARkee7\"><em>&nbsp;Lien vers l&rsquo;album photos et sonore de l&rsquo;&eacute;dition 2021<\/em><\/a><\/span><\/p>\n<p class=\"\" style=\"text-align: center;\">\n<h4 style=\"text-align: center;\"><em><a href=\"http:\/\/acma.ch\/new\/wordpress\/2021-luths-et-theorbes\/\">Lien vers la galerie de photos<\/a>&nbsp;<\/em><\/h4>\n<h4 style=\"text-align: center;\"><\/h4>\n<h2 style=\"text-align: center;\"><\/h2>\n<p>[\/et_pb_text][\/et_pb_column][\/et_pb_row][et_pb_row admin_label=\u00a0\u00bbLigne\u00a0\u00bb][et_pb_column type=\u00a0\u00bb4_4&Prime; parallax=\u00a0\u00bboff\u00a0\u00bb parallax_method=\u00a0\u00bbon\u00a0\u00bb][et_pb_divider color=\u00a0\u00bb#091842&Prime; height=\u00a0\u00bb10&Prime; admin_label=\u00a0\u00bbS\u00e9parateur\u00a0\u00bb][\/et_pb_divider][et_pb_text admin_label=\u00a0\u00bbTexte\u00a0\u00bb]<\/p>\n<h4 style=\"text-align: center;\">Le programme de la saison 2021, qui s&rsquo;est d\u00e9roul\u00e9e enti\u00e8rement au Th\u00e9\u00e2tre Les Salons, \u00e9tait vari\u00e9 et proposait de mettre en valeur des r\u00e9pertoires de plusieurs \u00e9poques, milieux et r\u00e9gions, oscillant entre musique savante et musique traditionnelle, afin de donner au public un aper\u00e7u aussi complet que possible du paysage de la musique ancienne telle qu\u2019elle est pratiqu\u00e9e aujourd\u2019hui.<\/h4>\n<p>[\/et_pb_text][\/et_pb_column][\/et_pb_row][et_pb_row admin_label=\u00a0\u00bbLigne\u00a0\u00bb][et_pb_column type=\u00a0\u00bb1_2&Prime; parallax=\u00a0\u00bboff\u00a0\u00bb parallax_method=\u00a0\u00bbon\u00a0\u00bb][et_pb_image src=\u00a0\u00bbhttp:\/\/acma.ch\/new\/wordpress\/wp-content\/uploads\/2021\/09\/Aff-ACMA_21_A3.jpg\u00a0\u00bb url=\u00a0\u00bbhttp:\/\/acma.ch\/new\/wordpress\/wp-content\/uploads\/2021\/09\/Aff-ACMA_21_A3.pdf\u00a0\u00bb animation=\u00a0\u00bboff\u00a0\u00bb force_fullwidth=\u00a0\u00bbon\u00a0\u00bb admin_label=\u00a0\u00bbLT21 Aff. \u00a0\u00bb use_border_color=\u00a0\u00bbon\u00a0\u00bb border_color=\u00a0\u00bb#091842&Prime;][\/et_pb_image][\/et_pb_column][et_pb_column type=\u00a0\u00bb1_2&Prime; parallax=\u00a0\u00bboff\u00a0\u00bb parallax_method=\u00a0\u00bbon\u00a0\u00bb][et_pb_image src=\u00a0\u00bbhttp:\/\/acma.ch\/new\/wordpress\/wp-content\/uploads\/2020\/12\/Flyer-ACMA_21-verso-jpeg.jpg\u00a0\u00bb url=\u00a0\u00bbhttp:\/\/acma.ch\/new\/wordpress\/wp-content\/uploads\/2021\/09\/Flyer-ACMA_21-verso.pdf\u00a0\u00bb animation=\u00a0\u00bboff\u00a0\u00bb force_fullwidth=\u00a0\u00bbon\u00a0\u00bb admin_label=\u00a0\u00bbLT21 flyer verso\u00a0\u00bb use_border_color=\u00a0\u00bbon\u00a0\u00bb border_color=\u00a0\u00bb#091842&Prime;][\/et_pb_image][\/et_pb_column][\/et_pb_row][et_pb_row admin_label=\u00a0\u00bbLigne\u00a0\u00bb][et_pb_column type=\u00a0\u00bb4_4&Prime; parallax=\u00a0\u00bboff\u00a0\u00bb parallax_method=\u00a0\u00bbon\u00a0\u00bb][et_pb_text admin_label=\u00a0\u00bbTexte cliquer\u00a0\u00bb]<\/p>\n<h4 style=\"text-align: center;\">(cliquer sur les images et les photos pour plus de d\u00e9tails)<\/h4>\n<p>[\/et_pb_text][et_pb_divider color=\u00a0\u00bb#091842&Prime; height=\u00a0\u00bb10&Prime; admin_label=\u00a0\u00bbS\u00e9parateur\u00a0\u00bb][\/et_pb_divider][et_pb_divider color=\u00a0\u00bb#091842&Prime; height=\u00a0\u00bb10&Prime; admin_label=\u00a0\u00bbS\u00e9parateur\u00a0\u00bb][\/et_pb_divider][et_pb_divider color=\u00a0\u00bb#091842&Prime; height=\u00a0\u00bb10&Prime; admin_label=\u00a0\u00bbS\u00e9parateur\u00a0\u00bb][\/et_pb_divider][et_pb_text admin_label=\u00a0\u00bbTexte LT21&Prime;]<\/p>\n<h4 style=\"text-align: center;\">\u00a0Fid\u00e8le \u00e0 sa mission premi\u00e8re de faire conna\u00eetre les instruments \u00e0 cordes pinc\u00e9es anciens dans toute leur diversit\u00e9,\u00a0le festival\u00a0<em>Luths et Th\u00e9orbes, a\u00a0<\/em><i><\/i>continu\u00e9 sa route\u00a0en automne 2021 en vous proposant cinq concerts au\u00a0Th\u00e9\u00e2tre Les Salons de Gen\u00e8ve.<\/h4>\n<h4 style=\"text-align: center;\">Cette onzi\u00e8me \u00e9dition de<em> Luths et Th\u00e9orbes<\/em> a permis de d\u00e9couvrir trois ensembles de jeunes interpr\u00e8tes d\u00e9veloppant leur activit\u00e9 musicale entre B\u00e2le, Gen\u00e8ve et Neuch\u00e2tel ainsi que d&rsquo;entendre deux des concerts de la programmation de 2020, annul\u00e9e, malheureusement, dans son enti\u00e8ret\u00e9, \u00e0 cause des mesures sanitaires\u00a0alors\u00a0en vigueur.<\/h4>\n<h4 style=\"text-align: center;\">Le choix d\u2019opter pour une d\u00e9marche de proximit\u00e9 prenant en compte\u00a0les nouveaux d\u00e9fis sociaux et environnementaux permet \u00e0 l&rsquo;ACMA de mettre en lumi\u00e8re la richesse de la sc\u00e8ne culturelle locale ainsi que celle de la plan\u00e8te musicale ch\u00e8re aux musiciens qui, ici et ailleurs, ont fait la d\u00e9marche de l\u2019interpr\u00e9tation historiquement inform\u00e9e.<\/h4>\n<h3 style=\"text-align: center;\"><\/h3>\n<p>[\/et_pb_text][et_pb_divider color=\u00a0\u00bb#091842&Prime; show_divider=\u00a0\u00bbon\u00a0\u00bb divider_style=\u00a0\u00bbsolid\u00a0\u00bb divider_position=\u00a0\u00bbtop\u00a0\u00bb admin_label=\u00a0\u00bbS\u00e9parateur\u00a0\u00bb][\/et_pb_divider][\/et_pb_column][\/et_pb_row][et_pb_row admin_label=\u00a0\u00bbLigne\u00a0\u00bb][et_pb_column type=\u00a0\u00bb4_4&Prime; parallax=\u00a0\u00bboff\u00a0\u00bb parallax_method=\u00a0\u00bbon\u00a0\u00bb][et_pb_text admin_label=\u00a0\u00bbTexte\u00a0\u00bb]<\/p>\n<h1><\/h1>\n<h1 style=\"text-align: center;\">Les cinq concerts<\/h1>\n<p>&nbsp;<\/p>\n<p>[\/et_pb_text][et_pb_divider color=\u00a0\u00bb#091842&Prime; admin_label=\u00a0\u00bbS\u00e9parateur\u00a0\u00bb][\/et_pb_divider][et_pb_divider color=\u00a0\u00bb#091842&Prime; admin_label=\u00a0\u00bbS\u00e9parateur\u00a0\u00bb][\/et_pb_divider][et_pb_text admin_label=\u00a0\u00bbDuo Fantaisie\u00a0\u00bb]<\/p>\n<h1 style=\"text-align: center;\">DUO FANTAISIE<\/h1>\n<h3 style=\"text-align: center;\">Dimanche 10 octobre 2021 \u00e0 17h<\/h3>\n<p>&nbsp;<\/p>\n<h2 style=\"text-align: center;\">Christine Gabrielle,\u00a0<em>archiluth\u00a0et chant<\/em><\/h2>\n<h2 style=\"text-align: center;\">Monica Pustilnik,\u00a0<em>archiluth et guitare baroque<\/em><\/h2>\n<h3 style=\"text-align: center;\"><\/h3>\n<h3 style=\"text-align: center;\"><\/h3>\n<p>[\/et_pb_text][\/et_pb_column][\/et_pb_row][et_pb_row admin_label=\u00a0\u00bbLigne\u00a0\u00bb][et_pb_column type=\u00a0\u00bb4_4&Prime; parallax=\u00a0\u00bboff\u00a0\u00bb parallax_method=\u00a0\u00bbon\u00a0\u00bb][et_pb_image src=\u00a0\u00bbhttp:\/\/acma.ch\/new\/wordpress\/wp-content\/uploads\/2021\/11\/DSC_3061.jpg\u00a0\u00bb url=\u00a0\u00bbhttps:\/\/acma.ch\/new\/wordpress\/wp-content\/uploads\/2021\/11\/LT21-1-Duo-Fantaisie-Monica-10.10.21-b-.pdf\u00a0\u00bb animation=\u00a0\u00bboff\u00a0\u00bb admin_label=\u00a0\u00bbDuo Fantaisie CG + Moni\u00a0\u00bb][\/et_pb_image][\/et_pb_column][\/et_pb_row][et_pb_row admin_label=\u00a0\u00bbLigne\u00a0\u00bb][et_pb_column type=\u00a0\u00bb4_4&Prime; parallax=\u00a0\u00bboff\u00a0\u00bb parallax_method=\u00a0\u00bbon\u00a0\u00bb][et_pb_divider color=\u00a0\u00bb#091842&Prime; show_divider=\u00a0\u00bbon\u00a0\u00bb height=\u00a0\u00bb10&Prime; divider_style=\u00a0\u00bbsolid\u00a0\u00bb divider_position=\u00a0\u00bbtop\u00a0\u00bb admin_label=\u00a0\u00bbS\u00e9parateur\u00a0\u00bb][\/et_pb_divider][\/et_pb_column][\/et_pb_row][et_pb_row admin_label=\u00a0\u00bbLigne\u00a0\u00bb][et_pb_column type=\u00a0\u00bb1_4&Prime; parallax=\u00a0\u00bboff\u00a0\u00bb parallax_method=\u00a0\u00bbon\u00a0\u00bb][\/et_pb_column][et_pb_column type=\u00a0\u00bb1_2&Prime; parallax=\u00a0\u00bboff\u00a0\u00bb parallax_method=\u00a0\u00bbon\u00a0\u00bb][et_pb_text admin_label=\u00a0\u00bbMargherita\u00a0\u00bb]<\/p>\n<h1 style=\"text-align: center;\">CONCERTO DI MARGHERITA<\/h1>\n<h3 style=\"text-align: center;\">Dimanche 17 octobre 2021 \u00e0 17h<\/h3>\n<p>[\/et_pb_text][\/et_pb_column][et_pb_column type=\u00a0\u00bb1_4&Prime; parallax=\u00a0\u00bboff\u00a0\u00bb parallax_method=\u00a0\u00bbon\u00a0\u00bb][\/et_pb_column][\/et_pb_row][et_pb_row admin_label=\u00a0\u00bbLigne\u00a0\u00bb][et_pb_column type=\u00a0\u00bb4_4&Prime; parallax=\u00a0\u00bboff\u00a0\u00bb parallax_method=\u00a0\u00bbon\u00a0\u00bb][et_pb_image src=\u00a0\u00bbhttp:\/\/acma.ch\/new\/wordpress\/wp-content\/uploads\/2020\/12\/Concerto-di-Margherita-030.jpg\u00a0\u00bb url=\u00a0\u00bbhttp:\/\/acma.ch\/new\/wordpress\/wp-content\/uploads\/2021\/10\/LT21-2-Margherita-17.10.21-Gioco-.pdf\u00a0\u00bb animation=\u00a0\u00bboff\u00a0\u00bb force_fullwidth=\u00a0\u00bbon\u00a0\u00bb admin_label=\u00a0\u00bbImage Concerto di Margherita\u00a0\u00bb use_border_color=\u00a0\u00bbon\u00a0\u00bb border_color=\u00a0\u00bb#091842&Prime;][\/et_pb_image][et_pb_divider color=\u00a0\u00bb#091842&Prime; height=\u00a0\u00bb10&Prime; admin_label=\u00a0\u00bbS\u00e9parateur\u00a0\u00bb][\/et_pb_divider][et_pb_divider color=\u00a0\u00bb#091842&Prime; show_divider=\u00a0\u00bbon\u00a0\u00bb height=\u00a0\u00bb10&Prime; divider_style=\u00a0\u00bbsolid\u00a0\u00bb divider_position=\u00a0\u00bbtop\u00a0\u00bb admin_label=\u00a0\u00bbS\u00e9parateur\u00a0\u00bb][\/et_pb_divider][\/et_pb_column][\/et_pb_row][et_pb_row admin_label=\u00a0\u00bbLigne\u00a0\u00bb][et_pb_column type=\u00a0\u00bb1_4&Prime; parallax=\u00a0\u00bboff\u00a0\u00bb parallax_method=\u00a0\u00bbon\u00a0\u00bb][\/et_pb_column][et_pb_column type=\u00a0\u00bb1_2&Prime; parallax=\u00a0\u00bboff\u00a0\u00bb parallax_method=\u00a0\u00bbon\u00a0\u00bb][et_pb_text admin_label=\u00a0\u00bbHortus\u00a0\u00bb]<\/p>\n<h1 style=\"text-align: center;\">HORTUS AMORIS<\/h1>\n<h3 style=\"text-align: center;\">Dimanche 21 novembre 2021 \u00e0 17h<\/h3>\n<p>[\/et_pb_text][\/et_pb_column][et_pb_column type=\u00a0\u00bb1_4&Prime; parallax=\u00a0\u00bboff\u00a0\u00bb parallax_method=\u00a0\u00bbon\u00a0\u00bb][\/et_pb_column][\/et_pb_row][et_pb_row admin_label=\u00a0\u00bbLigne\u00a0\u00bb][et_pb_column type=\u00a0\u00bb4_4&Prime; parallax=\u00a0\u00bboff\u00a0\u00bb parallax_method=\u00a0\u00bbon\u00a0\u00bb][et_pb_image src=\u00a0\u00bbhttp:\/\/acma.ch\/new\/wordpress\/wp-content\/uploads\/2021\/09\/Hortus4.jpg\u00a0\u00bb url=\u00a0\u00bbhttp:\/\/acma.ch\/new\/wordpress\/wp-content\/uploads\/2021\/08\/LT21-3-Hortus-Amoris-21.11.21.pdf\u00a0\u00bb animation=\u00a0\u00bboff\u00a0\u00bb force_fullwidth=\u00a0\u00bbon\u00a0\u00bb admin_label=\u00a0\u00bbImage Hortus Amoris\u00a0\u00bb use_border_color=\u00a0\u00bbon\u00a0\u00bb border_color=\u00a0\u00bb#091842&Prime;][\/et_pb_image][et_pb_divider color=\u00a0\u00bb#091842&Prime; height=\u00a0\u00bb10&Prime; admin_label=\u00a0\u00bbS\u00e9parateur\u00a0\u00bb][\/et_pb_divider][et_pb_divider color=\u00a0\u00bb#091842&Prime; show_divider=\u00a0\u00bbon\u00a0\u00bb height=\u00a0\u00bb10&Prime; divider_style=\u00a0\u00bbsolid\u00a0\u00bb divider_position=\u00a0\u00bbtop\u00a0\u00bb admin_label=\u00a0\u00bbS\u00e9parateur\u00a0\u00bb][\/et_pb_divider][\/et_pb_column][\/et_pb_row][et_pb_row admin_label=\u00a0\u00bbLigne\u00a0\u00bb][et_pb_column type=\u00a0\u00bb1_4&Prime; parallax=\u00a0\u00bboff\u00a0\u00bb parallax_method=\u00a0\u00bbon\u00a0\u00bb][\/et_pb_column][et_pb_column type=\u00a0\u00bb1_2&Prime; parallax=\u00a0\u00bboff\u00a0\u00bb parallax_method=\u00a0\u00bbon\u00a0\u00bb][et_pb_text admin_label=\u00a0\u00bbCeinture\u00a0\u00bb]<\/p>\n<h1 style=\"text-align: center;\">LA CEINTURE DE V\u00c9NUS<\/h1>\n<h3 style=\"text-align: center;\">Dimanche 28 novembre 2021 \u00e0 17h<\/h3>\n<p>[\/et_pb_text][\/et_pb_column][et_pb_column type=\u00a0\u00bb1_4&Prime; parallax=\u00a0\u00bboff\u00a0\u00bb parallax_method=\u00a0\u00bbon\u00a0\u00bb][\/et_pb_column][\/et_pb_row][et_pb_row admin_label=\u00a0\u00bbLigne\u00a0\u00bb][et_pb_column type=\u00a0\u00bb4_4&Prime; parallax=\u00a0\u00bboff\u00a0\u00bb parallax_method=\u00a0\u00bbon\u00a0\u00bb][et_pb_image src=\u00a0\u00bbhttp:\/\/acma.ch\/new\/wordpress\/wp-content\/uploads\/2020\/12\/DSC_0497acma-copie.jpg\u00a0\u00bb url=\u00a0\u00bbhttp:\/\/acma.ch\/new\/wordpress\/wp-content\/uploads\/2021\/09\/LT21-4-Ceinture-28.11.21.pdf\u00a0\u00bb animation=\u00a0\u00bboff\u00a0\u00bb force_fullwidth=\u00a0\u00bbon\u00a0\u00bb admin_label=\u00a0\u00bbImage Ceinture\u00a0\u00bb use_border_color=\u00a0\u00bbon\u00a0\u00bb border_color=\u00a0\u00bb#091842&Prime;][\/et_pb_image][et_pb_divider color=\u00a0\u00bb#091842&Prime; height=\u00a0\u00bb10&Prime; admin_label=\u00a0\u00bbS\u00e9parateur\u00a0\u00bb][\/et_pb_divider][et_pb_divider color=\u00a0\u00bb#091842&Prime; show_divider=\u00a0\u00bbon\u00a0\u00bb height=\u00a0\u00bb10&Prime; divider_style=\u00a0\u00bbsolid\u00a0\u00bb divider_position=\u00a0\u00bbtop\u00a0\u00bb admin_label=\u00a0\u00bbS\u00e9parateur\u00a0\u00bb][\/et_pb_divider][\/et_pb_column][\/et_pb_row][et_pb_row admin_label=\u00a0\u00bbLigne\u00a0\u00bb][et_pb_column type=\u00a0\u00bb1_4&Prime; parallax=\u00a0\u00bboff\u00a0\u00bb parallax_method=\u00a0\u00bbon\u00a0\u00bb][\/et_pb_column][et_pb_column type=\u00a0\u00bb1_2&Prime; parallax=\u00a0\u00bboff\u00a0\u00bb parallax_method=\u00a0\u00bbon\u00a0\u00bb][et_pb_text admin_label=\u00a0\u00bbDiscordanza\u00a0\u00bb]<\/p>\n<h1 style=\"text-align: center;\">ARMONIOSA DISCORDANZA<\/h1>\n<h3 style=\"text-align: center;\">Dimanche 12 d\u00e9cembre 2021 \u00e0 17h<\/h3>\n<p>[\/et_pb_text][\/et_pb_column][et_pb_column type=\u00a0\u00bb1_4&Prime; parallax=\u00a0\u00bboff\u00a0\u00bb parallax_method=\u00a0\u00bbon\u00a0\u00bb][\/et_pb_column][\/et_pb_row][et_pb_row admin_label=\u00a0\u00bbLigne\u00a0\u00bb][et_pb_column type=\u00a0\u00bb4_4&Prime; parallax=\u00a0\u00bboff\u00a0\u00bb parallax_method=\u00a0\u00bbon\u00a0\u00bb][et_pb_image src=\u00a0\u00bbhttp:\/\/acma.ch\/new\/wordpress\/wp-content\/uploads\/2020\/12\/Armoniosa-Discordanza-photo.1-logo-l\u00e9g\u00e8re.jpg\u00a0\u00bb url=\u00a0\u00bbhttp:\/\/acma.ch\/new\/wordpress\/wp-content\/uploads\/2021\/11\/LT21-5-Armoniosa-Discordanza-12.12.21-.pdf\u00a0\u00bb animation=\u00a0\u00bboff\u00a0\u00bb force_fullwidth=\u00a0\u00bbon\u00a0\u00bb admin_label=\u00a0\u00bbImage Armoniosa Discordanza\u00a0\u00bb use_border_color=\u00a0\u00bbon\u00a0\u00bb border_color=\u00a0\u00bb#091842&Prime;][\/et_pb_image][et_pb_divider color=\u00a0\u00bb#091842&Prime; height=\u00a0\u00bb10&Prime; admin_label=\u00a0\u00bbS\u00e9parateur\u00a0\u00bb][\/et_pb_divider][\/et_pb_column][\/et_pb_row][et_pb_row admin_label=\u00a0\u00bbLigne\u00a0\u00bb][et_pb_column type=\u00a0\u00bb4_4&Prime; parallax=\u00a0\u00bboff\u00a0\u00bb parallax_method=\u00a0\u00bbon\u00a0\u00bb][et_pb_text admin_label=\u00a0\u00bbTarifs 2021&Prime;]<\/p>\n<h2 style=\"text-align: center;\">Billets en vente \u00e0 l&rsquo;entr\u00e9e.<\/h2>\n<h4 style=\"text-align: center;\">Plein tarif : 30.-<\/h4>\n<h4 style=\"text-align: center;\">AVS \/ AI : 25.-<\/h4>\n<h4 style=\"text-align: center;\">Membres : 20.-<\/h4>\n<h4 style=\"text-align: center;\">Etudiants, carte 20ans20francs, ch\u00f4meurs : 10.-<\/h4>\n<p>[\/et_pb_text][et_pb_text admin_label=\u00a0\u00bbTexte mesures sanitaires\u00a0\u00bb]<\/p>\n<h4 style=\"text-align: center;\"><span class=\"\">Les concerts seront donn\u00e9s dans le respect des mesures sanitaires en vigueur et, c<\/span>onform\u00e9ment aux r\u00e8gles \u00e9tablies par la Conf\u00e9d\u00e9ration, un certificat COVID vous sera demand\u00e9 \u00e0 l\u2019entr\u00e9e.<\/h4>\n<p>[\/et_pb_text][et_pb_divider color=\u00a0\u00bb#091842&Prime; height=\u00a0\u00bb10&Prime; admin_label=\u00a0\u00bbS\u00e9parateur\u00a0\u00bb][\/et_pb_divider][et_pb_divider color=\u00a0\u00bb#091842&Prime; height=\u00a0\u00bb10&Prime; admin_label=\u00a0\u00bbS\u00e9parateur\u00a0\u00bb][\/et_pb_divider][et_pb_divider color=\u00a0\u00bb#091842&Prime; height=\u00a0\u00bb10&Prime; admin_label=\u00a0\u00bbS\u00e9parateur\u00a0\u00bb][\/et_pb_divider][\/et_pb_column][\/et_pb_row][\/et_pb_section]<\/p>\n","protected":false},"excerpt":{"rendered":"<p>Le Festival Luths et Th&eacute;orbes 2021 s&rsquo;est termin&eacute; le 12 d&eacute;cembre dernier par un concert qui cl&ocirc;turait une saison automnale riche en couleurs. Nous sommes tr&egrave;s heureux de partager avec vous quelques images prises par Jos&eacute; Luis Amaro et Tobias Marschall. Un communiqu&eacute; de presse annoncera tr&egrave;s prochainement les contours de la nouvelle programmation et [&hellip;]<\/p>\n","protected":false},"author":2,"featured_media":0,"parent":0,"menu_order":0,"comment_status":"closed","ping_status":"closed","template":"","meta":{"_et_pb_use_builder":"on","_et_pb_old_content":"","_et_gb_content_width":""},"_links":{"self":[{"href":"https:\/\/acma.ch\/new\/wordpress\/wp-json\/wp\/v2\/pages\/2835"}],"collection":[{"href":"https:\/\/acma.ch\/new\/wordpress\/wp-json\/wp\/v2\/pages"}],"about":[{"href":"https:\/\/acma.ch\/new\/wordpress\/wp-json\/wp\/v2\/types\/page"}],"author":[{"embeddable":true,"href":"https:\/\/acma.ch\/new\/wordpress\/wp-json\/wp\/v2\/users\/2"}],"replies":[{"embeddable":true,"href":"https:\/\/acma.ch\/new\/wordpress\/wp-json\/wp\/v2\/comments?post=2835"}],"version-history":[{"count":201,"href":"https:\/\/acma.ch\/new\/wordpress\/wp-json\/wp\/v2\/pages\/2835\/revisions"}],"predecessor-version":[{"id":3559,"href":"https:\/\/acma.ch\/new\/wordpress\/wp-json\/wp\/v2\/pages\/2835\/revisions\/3559"}],"wp:attachment":[{"href":"https:\/\/acma.ch\/new\/wordpress\/wp-json\/wp\/v2\/media?parent=2835"}],"curies":[{"name":"wp","href":"https:\/\/api.w.org\/{rel}","templated":true}]}}