{"id":3546,"date":"2022-03-19T23:24:23","date_gmt":"2022-03-19T22:24:23","guid":{"rendered":"http:\/\/acma.ch\/new\/wordpress\/?page_id=3546"},"modified":"2025-01-24T15:38:54","modified_gmt":"2025-01-24T14:38:54","slug":"a-propos-de-nous","status":"publish","type":"page","link":"https:\/\/acma.ch\/new\/wordpress\/httpsacma-chnewwordpresslacma-2a-propos-de-nouslacma-2\/a-propos-de-nous\/","title":{"rendered":"\u00c0 propos de nous"},"content":{"rendered":"<p>[et_pb_section fb_built=\u00a0\u00bb1&Prime; admin_label=\u00a0\u00bbsection\u00a0\u00bb _builder_version=\u00a0\u00bb4.16&Prime; background_image=\u00a0\u00bbhttp:\/\/acma.ch\/new\/wordpress\/wp-content\/uploads\/2022\/03\/Fond_2.jpg\u00a0\u00bb custom_padding=\u00a0\u00bb48px|0px|605px|0px\u00a0\u00bb global_colors_info=\u00a0\u00bb{}\u00a0\u00bb][et_pb_row admin_label=\u00a0\u00bbrow\u00a0\u00bb _builder_version=\u00a0\u00bb4.16&Prime; background_color=\u00a0\u00bbrgba(255,255,255,0)\u00a0\u00bb background_size=\u00a0\u00bbinitial\u00a0\u00bb background_position=\u00a0\u00bbtop_left\u00a0\u00bb background_repeat=\u00a0\u00bbrepeat\u00a0\u00bb custom_padding=\u00a0\u00bb|||\u00a0\u00bb global_colors_info=\u00a0\u00bb{}\u00a0\u00bb][et_pb_column type=\u00a0\u00bb4_4&Prime; _builder_version=\u00a0\u00bb4.16&Prime; background_color=\u00a0\u00bbrgba(0,0,0,0)\u00a0\u00bb custom_padding=\u00a0\u00bb|||\u00a0\u00bb global_colors_info=\u00a0\u00bb{}\u00a0\u00bb custom_padding__hover=\u00a0\u00bb|||\u00a0\u00bb][et_pb_text _builder_version=\u00a0\u00bb4.17.6&Prime; background_size=\u00a0\u00bbinitial\u00a0\u00bb background_position=\u00a0\u00bbtop_left\u00a0\u00bb background_repeat=\u00a0\u00bbrepeat\u00a0\u00bb custom_padding=\u00a0\u00bb|||41px||\u00a0\u00bb global_colors_info=\u00a0\u00bb{}\u00a0\u00bb]<\/p>\n<h1>L\u2019ACMA<\/h1>\n<p>&nbsp;<\/p>\n<p>L\u2019\u00a0<em><strong>Association des Concerts de Musique Ancienne<\/strong>\u00a0<\/em>(ACMA) est n\u00e9e il y a quarante ans, peu de temps apr\u00e8s la cr\u00e9ation du Centre de Musique Ancienne de Gen\u00e8ve. Le renouveau de l\u2019int\u00e9r\u00eat pour les instruments du Moyen-Age, de la Renaissance et du Baroque, alors en plein essor, a contribu\u00e9 \u00e0 mettre en lumi\u00e8re des r\u00e9pertoires m\u00e9connus, \u00e0 enrichir le parc des instruments de musique actuels et \u00e0 d\u00e9velopper de nouvelles sonorit\u00e9s gr\u00e2ce \u00e0 la lutherie inspir\u00e9e des sources historiques.<\/p>\n<p style=\"margin: 0cm; text-align: justify;\"><span style=\"font-size: 10.5pt; font-family: Arial, sans-serif;\">Cr\u00e9\u00e9 en 2002, pour mettre en exergue les instruments \u00e0 cordes pinc\u00e9es anciens, le festival\u00a0<i><span style=\"padding: 0cm; border: 1pt none windowtext;\">Luths et Th\u00e9orbes<\/span><\/i>, unique en son genre, a f\u00eat\u00e9 son dixi\u00e8me anniversaire en 2020 malgr\u00e9 les conditions sanitaires. Les concerts organis\u00e9s depuis lors ont permis de faire entendre \u00e0 Gen\u00e8ve des luthistes venus des quatre coins de la plan\u00e8te, mais \u00e9galement ceux qui y travaillent, y enseignent ou y \u00e9tudient. Dans le sillon des d\u00e9partements de musique ancienne europ\u00e9ens, et tout particuli\u00e8rement de celui de Gen\u00e8ve \u2013 dont l\u2019ACMA est historiquement une \u00e9manation \u2013 le festival sert \u00e9galement de tremplin aux jeunes artistes qui s\u2019y sont form\u00e9s en leur donnant l\u2019occasion de se confronter \u00e0 un vrai public.<o:p><\/o:p><\/span><\/p>\n<p class=\"MsoNormal\" style=\"text-align: justify;\"><span style=\"font-size: 10.5pt; font-family: Arial, sans-serif;\"><span style=\"color: #000000; font-style: normal; font-variant-caps: normal; font-weight: normal; letter-spacing: normal; text-transform: none; white-space: normal; word-spacing: 0px; -webkit-text-stroke-width: 0px;\">En le cr\u00e9ant, l&rsquo;ACMA et Christine Gabrielle, pr\u00e9sidente de l&rsquo;association entre 1999 et 2021 et directrice des festivals Luths et Th\u00e9orbes, Soirs d&rsquo;Automne et Les Dimanches de l&rsquo;ACMA, <\/span>se sont donn\u00e9 pour objectif\u00a0<span style=\"text-align: justify;\"><span style=\"color: #091842;\"><span style=\"caret-color: #091842;\">de mettre en lumi\u00e8re les instruments anciens \u00e0 cordes pinc\u00e9es en les extrayant du seul cercle des sp\u00e9cialistes et de les rendre accessibles \u00e0 un public \u00e9largi. Au cours de ces ann\u00e9es, le festival a acquis une certaine notori\u00e9t\u00e9 et, malgr\u00e9 ses dimensions modestes, il est, discr\u00e8tement, \u00e0 l&rsquo;instar des instruments qu&rsquo;il met en valeur, bien inscrit dans le paysage culturel genevois.<\/span><\/span><\/span><br \/><o:p><\/o:p><\/span><\/p>\n<p class=\"MsoNormal\" style=\"text-align: justify;\"><span style=\"font-size: 10.5pt; font-family: Arial, sans-serif;\">Cette discr\u00e9tion contribue toutefois \u00e0 son originalit\u00e9 et \u00e0 sa singularit\u00e9, que renforcent :<o:p><\/o:p><\/span><\/p>\n<ul style=\"margin-top: 0cm;\" type=\"disc\">\n<li class=\"MsoNormal\" style=\"text-align: justify; line-height: 19.5pt;\"><span style=\"font-size: 10.5pt; font-family: 'Arial',sans-serif; mso-fareast-font-family: 'Times New Roman'; mso-fareast-language: FR-CH;\">l\u2019exigence d\u2019authenticit\u00e9 historique (\u00e9tude de la lutherie ancienne, fabrication de cordes en boyaux ou invention de mat\u00e9riaux qui se rapprochent de celui-ci, connaissance et lecture des partitions originales, recherche musicologique, etc).<o:p><\/o:p><\/span><\/li>\n<li class=\"MsoNormal\" style=\"text-align: justify; line-height: 19.5pt;\"><span style=\"font-size: 10.5pt; font-family: 'Arial',sans-serif; mso-fareast-font-family: 'Times New Roman'; mso-fareast-language: FR-CH;\">la grande vari\u00e9t\u00e9 des r\u00e9pertoires (m\u00e9di\u00e9val, renaissance, baroque et classique) et des instruments \u00e0 d\u00e9couvrir (guiternes, vihuelas, cistres, colachons, archiluths, th\u00e9orbes, mandoles et mandolines, \u00e9pinettes, clavecins et harpes).<o:p><\/o:p><\/span><\/li>\n<li class=\"MsoNormal\" style=\"text-align: justify; line-height: 19.5pt;\"><span style=\"font-size: 10.5pt; font-family: 'Arial',sans-serif; mso-fareast-font-family: 'Times New Roman'; mso-fareast-language: FR-CH;\">le raffinement des sonorit\u00e9s et des musiques \u00e9crites pour ces instruments qui permet de les d\u00e9couvrir dans des lieux comme le Th\u00e9\u00e2tre Les Salons de Gen\u00e8ve, dont les dimensions, favorisant la proximit\u00e9, contribuent \u00e0 mettre en valeur ses qualit\u00e9s d\u2019intimit\u00e9.<o:p><\/o:p><\/span><\/li>\n<li class=\"MsoNormal\" style=\"text-align: justify; line-height: 19.5pt;\"><span style=\"font-size: 10.5pt; font-family: 'Arial',sans-serif; mso-fareast-font-family: 'Times New Roman'; mso-fareast-language: FR-CH;\">la possibilit\u00e9 d\u2019entretenir des contacts avec des musiciens d\u2019autres cultures o\u00f9 des instruments apparent\u00e9s aux n\u00f4tres (biwa au Japon, pipa en Chine, oud dans les pays arabes, saz en Turquie, kora en Afrique, sitar ou sarod en Inde) sont encore pratiqu\u00e9s sans interruption depuis des si\u00e8cles.<o:p><\/o:p><\/span><\/li>\n<li class=\"MsoNormal\" style=\"text-align: justify; line-height: 19.5pt;\"><span style=\"font-size: 10.5pt; font-family: 'Arial',sans-serif; mso-fareast-font-family: 'Times New Roman'; mso-fareast-language: FR-CH;\">une communaut\u00e9 locale et internationale de luthistes d\u00e9sireux de se faire conna\u00eetre et de partager leur passion avec le public.<\/span><span style=\"font-size: 10.5pt; font-family: 'Arial',sans-serif; mso-fareast-font-family: 'Times New Roman'; mso-fareast-language: FR-CH;\"><\/span><\/li>\n<\/ul>\n<p><span style=\"font-size: 10.5pt; font-family: 'Arial',sans-serif; mso-fareast-font-family: 'Times New Roman'; mso-fareast-language: FR-CH;\"><\/span><\/p>\n<p>Pour devenir membre de l\u2019association et soutenir ses activit\u00e9s, vous pouvez remplir le formulaire que vous trouverez sur la page <a href=\"https:\/\/acma.ch\/new\/wordpress\/soutenir\/\">\u00ab Rejoindre l\u2019association\u00a0\u00bb<\/a>.<\/p>\n<p>La cotisation annuelle vous permet de recevoir nos informations et de b\u00e9n\u00e9ficier de tarifs pr\u00e9f\u00e9rentiels.<\/p>\n<p>&nbsp;<\/p>\n<p><strong>LE COMIT\u00c9 de l\u2019ACMA<\/strong><\/p>\n<p>Pr\u00e9sident : Jean-Paul Wisard<br \/>Vice-Pr\u00e9sident : Dana Howe<br \/>Secr\u00e9taire : Fran\u00e7ois Stride<br \/>Tr\u00e9sori\u00e8re : Carolina Acuna<br \/>Membre : Coline Barbaray<\/p>\n<p>Directrice artistique : Monica Pustilnik &#8211; Administratrice : Juliette Molin<\/p>\n<p>[\/et_pb_text][\/et_pb_column][\/et_pb_row][\/et_pb_section]<\/p>\n","protected":false},"excerpt":{"rendered":"<p>L\u2019ACMA &nbsp; L\u2019\u00a0Association des Concerts de Musique Ancienne\u00a0(ACMA) est n\u00e9e il y a quarante ans, peu de temps apr\u00e8s la cr\u00e9ation du Centre de Musique Ancienne de Gen\u00e8ve. Le renouveau de l\u2019int\u00e9r\u00eat pour les instruments du Moyen-Age, de la Renaissance et du Baroque, alors en plein essor, a contribu\u00e9 \u00e0 mettre en lumi\u00e8re des r\u00e9pertoires [&hellip;]<\/p>\n","protected":false},"author":2,"featured_media":0,"parent":440,"menu_order":0,"comment_status":"closed","ping_status":"closed","template":"","meta":{"_et_pb_use_builder":"on","_et_pb_old_content":"<h1>L\u2019ACMA<\/h1><p>\u00a0<\/p><p>L\u2019\u00a0<em><strong>Association des Concerts de Musique Ancienne<\/strong>\u00a0<\/em>(ACMA) est n\u00e9e il y a quarante ans, peu de temps apr\u00e8s la cr\u00e9ation du Centre de Musique Ancienne de Gen\u00e8ve. Le renouveau de l\u2019int\u00e9r\u00eat pour les instruments du Moyen-Age, de la Renaissance et du Baroque, alors en plein essor, a contribu\u00e9 \u00e0 mettre en lumi\u00e8re des r\u00e9pertoires m\u00e9connus, \u00e0 enrichir le parc des instruments de musique actuels et \u00e0 d\u00e9velopper de nouvelles sonorit\u00e9s gr\u00e2ce \u00e0 la lutherie inspir\u00e9e des sources historiques.<\/p><p>Depuis, elle n\u2019a pas cess\u00e9 de promouvoir la musique ancienne \u00e0 Gen\u00e8ve. Actuellement, elle dispose de trois s\u00e9ries de concerts :<\/p><ul><li>le festival\u00a0<i>Luths et Th\u00e9orbes\u00a0<\/i>(d\u00e9di\u00e9 aux instruments \u00e0 cordes pinc\u00e9es anciens) et les\u00a0<i>Soirs d\u2019Automne.\u00a0<\/i>Ces<i>\u00a0<\/i>deux festivals s\u2019alternent biennalement.<\/li><li>La troisi\u00e8me s\u00e9rie des\u00a0<i>Dimanches de l\u2019ACMA<\/i>, a lieu tous les printemps et se destine plus particuli\u00e8rement \u00e0 la promotion des jeunes musiciens issus des d\u00e9partements de musique ancienne d\u2019ici et d\u2019ailleurs.<\/li><\/ul><p>Les concerts qu\u2019elle organise depuis ces nombreuses ann\u00e9es ont permis de faire entendre \u00e0 Gen\u00e8ve des interpr\u00e8tes venus des quatre coins de la plan\u00e8te, mais \u00e9galement ceux qui travaillent, enseignent ou \u00e9tudient dans cette ville, en leur offrant un espace d\u2019expression o\u00f9 ils peuvent partager avec le public leur passion pour les r\u00e9pertoires et les instruments des si\u00e8cles pass\u00e9s.<\/p><p>Pour devenir membre de l\u2019association et soutenir ses activit\u00e9s, vous pouvez remplir le formulaire que vous trouverez sur la page \u00ab\u00a0Soutenir l\u2019association\u00a0\u00bb.<\/p><p>La cotisation annuelle vous permet de recevoir nos informations et de b\u00e9n\u00e9ficier de tarifs pr\u00e9f\u00e9rentiels.<\/p>","_et_gb_content_width":""},"_links":{"self":[{"href":"https:\/\/acma.ch\/new\/wordpress\/wp-json\/wp\/v2\/pages\/3546"}],"collection":[{"href":"https:\/\/acma.ch\/new\/wordpress\/wp-json\/wp\/v2\/pages"}],"about":[{"href":"https:\/\/acma.ch\/new\/wordpress\/wp-json\/wp\/v2\/types\/page"}],"author":[{"embeddable":true,"href":"https:\/\/acma.ch\/new\/wordpress\/wp-json\/wp\/v2\/users\/2"}],"replies":[{"embeddable":true,"href":"https:\/\/acma.ch\/new\/wordpress\/wp-json\/wp\/v2\/comments?post=3546"}],"version-history":[{"count":31,"href":"https:\/\/acma.ch\/new\/wordpress\/wp-json\/wp\/v2\/pages\/3546\/revisions"}],"predecessor-version":[{"id":4861,"href":"https:\/\/acma.ch\/new\/wordpress\/wp-json\/wp\/v2\/pages\/3546\/revisions\/4861"}],"up":[{"embeddable":true,"href":"https:\/\/acma.ch\/new\/wordpress\/wp-json\/wp\/v2\/pages\/440"}],"wp:attachment":[{"href":"https:\/\/acma.ch\/new\/wordpress\/wp-json\/wp\/v2\/media?parent=3546"}],"curies":[{"name":"wp","href":"https:\/\/api.w.org\/{rel}","templated":true}]}}