{"id":3730,"date":"2022-03-29T18:30:39","date_gmt":"2022-03-29T17:30:39","guid":{"rendered":"http:\/\/acma.ch\/new\/wordpress\/?page_id=3730"},"modified":"2022-04-03T13:31:29","modified_gmt":"2022-04-03T12:31:29","slug":"3730-2","status":"publish","type":"page","link":"https:\/\/acma.ch\/new\/wordpress\/medias\/3730-2\/","title":{"rendered":"Nouvelle Direction"},"content":{"rendered":"<p>[et_pb_section fb_built=\u00a0\u00bb1&Prime; background_image=\u00a0\u00bbhttp:\/\/acma.ch\/new\/wordpress\/wp-content\/uploads\/2022\/03\/Fond_entier-2.jpg\u00a0\u00bb custom_padding=\u00a0\u00bb53px|0px|786px|0px\u00a0\u00bb admin_label=\u00a0\u00bbsection\u00a0\u00bb][et_pb_row admin_label=\u00a0\u00bbrow\u00a0\u00bb][et_pb_column type=\u00a0\u00bb1_2&Prime; parallax=\u00a0\u00bboff\u00a0\u00bb parallax_method=\u00a0\u00bbon\u00a0\u00bb][et_pb_text admin_label=\u00a0\u00bbTexte\u00a0\u00bb]<\/p>\n<p style=\"text-align: justify;\"><strong>Monica Pustilnik succ\u00e8de \u00e0 Christine Gabrielle \u00e0 la direction artistique de l\u2019Association des Concerts de Musique Ancienne de Gen\u00e8ve (ACMA).<\/strong><\/p>\n<p style=\"text-align: justify;\">Apr\u00e8s plus de vingt ans de direction artistique et de concerts, Christine Gabrielle a souhait\u00e9 transmettre la pr\u00e9sidence et la direction de l\u2019ACMA \u00e0 Monica Pustilnik, interpr\u00e8te et professeure de luth et de musique de chambre \u00e0 la Haute \u00c9cole de Musique de Gen\u00e8ve ainsi qu\u2019au Conservatoire National Sup\u00e9rieur de Musique et de Danse de Paris.<\/p>\n<p style=\"text-align: justify;\">Durant son mandat, Christine Gabrielle a soutenu avec conviction le d\u00e9veloppement de la musique ancienne \u00e0 Gene\u0300ve en tant qu\u2019interpr\u00e8te et organisatrice des <em>Dimanches de l\u2019ACMA<\/em>, des <em>Soirs d\u2019Automne<\/em> et du <em>Festival Luths et Th\u00e9orbes.<\/em> Ce dernier rassemble chaque ann\u00e9e des dizaines de spe\u0301cialistes, des \u00e9tudiantes et des \u00e9tudiants des hautes \u00e9coles, des me\u0301lomanes et jouit aujourd\u2019hui d\u2019une notori\u00e9t\u00e9\u0301 qui d\u00e9passe largement les frontie\u0300res.<\/p>\n<p>[\/et_pb_text][\/et_pb_column][et_pb_column type=\u00a0\u00bb1_2&Prime; parallax=\u00a0\u00bboff\u00a0\u00bb parallax_method=\u00a0\u00bbon\u00a0\u00bb][et_pb_image src=\u00a0\u00bbhttp:\/\/acma.ch\/new\/wordpress\/wp-content\/uploads\/2022\/03\/IMG_7800-1.jpg\u00a0\u00bb animation=\u00a0\u00bbright\u00a0\u00bb align=\u00a0\u00bbcenter\u00a0\u00bb max_width=\u00a0\u00bb500px\u00a0\u00bb][\/et_pb_image][et_pb_text text_orientation=\u00a0\u00bbright\u00a0\u00bb header_font_size=\u00a0\u00bb11px\u00a0\u00bb text_font_size=\u00a0\u00bb5px\u00a0\u00bb text_line_height=\u00a0\u00bb1.3em\u00a0\u00bb custom_margin=\u00a0\u00bb0px|||\u00a0\u00bb custom_margin_last_edited=\u00a0\u00bbon|desktop\u00a0\u00bb]<\/p>\n<h6><span style=\"font-size: small;\">Photo de Jos\u00e9 Luis Amaro<\/span><\/h6>\n<p>[\/et_pb_text][\/et_pb_column][\/et_pb_row][\/et_pb_section]<\/p>\n","protected":false},"excerpt":{"rendered":"<p>Monica Pustilnik succ\u00e8de \u00e0 Christine Gabrielle \u00e0 la direction artistique de l\u2019Association des Concerts de Musique Ancienne de Gen\u00e8ve (ACMA). Apr\u00e8s plus de vingt ans de direction artistique et de concerts, Christine Gabrielle a souhait\u00e9 transmettre la pr\u00e9sidence et la direction de l\u2019ACMA \u00e0 Monica Pustilnik, interpr\u00e8te et professeure de luth et de musique de [&hellip;]<\/p>\n","protected":false},"author":2,"featured_media":0,"parent":3112,"menu_order":0,"comment_status":"closed","ping_status":"closed","template":"","meta":{"_et_pb_use_builder":"on","_et_pb_old_content":"","_et_gb_content_width":""},"_links":{"self":[{"href":"https:\/\/acma.ch\/new\/wordpress\/wp-json\/wp\/v2\/pages\/3730"}],"collection":[{"href":"https:\/\/acma.ch\/new\/wordpress\/wp-json\/wp\/v2\/pages"}],"about":[{"href":"https:\/\/acma.ch\/new\/wordpress\/wp-json\/wp\/v2\/types\/page"}],"author":[{"embeddable":true,"href":"https:\/\/acma.ch\/new\/wordpress\/wp-json\/wp\/v2\/users\/2"}],"replies":[{"embeddable":true,"href":"https:\/\/acma.ch\/new\/wordpress\/wp-json\/wp\/v2\/comments?post=3730"}],"version-history":[{"count":9,"href":"https:\/\/acma.ch\/new\/wordpress\/wp-json\/wp\/v2\/pages\/3730\/revisions"}],"predecessor-version":[{"id":4051,"href":"https:\/\/acma.ch\/new\/wordpress\/wp-json\/wp\/v2\/pages\/3730\/revisions\/4051"}],"up":[{"embeddable":true,"href":"https:\/\/acma.ch\/new\/wordpress\/wp-json\/wp\/v2\/pages\/3112"}],"wp:attachment":[{"href":"https:\/\/acma.ch\/new\/wordpress\/wp-json\/wp\/v2\/media?parent=3730"}],"curies":[{"name":"wp","href":"https:\/\/api.w.org\/{rel}","templated":true}]}}