{"id":4847,"date":"2025-01-24T11:10:22","date_gmt":"2025-01-24T10:10:22","guid":{"rendered":"https:\/\/acma.ch\/new\/wordpress\/?page_id=4847"},"modified":"2026-03-09T11:14:27","modified_gmt":"2026-03-09T10:14:27","slug":"accueil2025","status":"publish","type":"page","link":"https:\/\/acma.ch\/new\/wordpress\/","title":{"rendered":"Accueil2025"},"content":{"rendered":"<p>[et_pb_section fb_built=\u00a0\u00bb1&Prime; admin_label=\u00a0\u00bbJMGl-DSC_0517&Prime; _builder_version=\u00a0\u00bb4.17.6&Prime; background_image=\u00a0\u00bbhttp:\/\/acma.ch\/new\/wordpress\/wp-content\/uploads\/2025\/06\/fonds2025-rectoA6.jpg\u00a0\u00bb background_position=\u00a0\u00bbtop_center\u00a0\u00bb custom_margin=\u00a0\u00bb0px||0px||true|false\u00a0\u00bb custom_padding=\u00a0\u00bb10px|0px|10px|0px|true|false\u00a0\u00bb hover_transition_duration=\u00a0\u00bb0ms\u00a0\u00bb global_colors_info=\u00a0\u00bb{}\u00a0\u00bb][et_pb_row column_structure=\u00a0\u00bb1_3,2_3&Prime; _builder_version=\u00a0\u00bb4.17.6&Prime; _module_preset=\u00a0\u00bbdefault\u00a0\u00bb global_colors_info=\u00a0\u00bb{}\u00a0\u00bb][et_pb_column type=\u00a0\u00bb1_3&Prime; _builder_version=\u00a0\u00bb4.17.6&Prime; _module_preset=\u00a0\u00bbdefault\u00a0\u00bb global_colors_info=\u00a0\u00bb{}\u00a0\u00bb][et_pb_image src=\u00a0\u00bbhttp:\/\/acma.ch\/new\/wordpress\/wp-content\/uploads\/2024\/08\/LogoACMAnegatif.png\u00a0\u00bb title_text=\u00a0\u00bbLogoACMAnegatif\u00a0\u00bb _builder_version=\u00a0\u00bb4.17.6&Prime; _module_preset=\u00a0\u00bbdefault\u00a0\u00bb width=\u00a0\u00bb80%\u00a0\u00bb max_height=\u00a0\u00bb213px\u00a0\u00bb custom_margin=\u00a0\u00bb25px||25px|20px|true|false\u00a0\u00bb custom_margin_tablet=\u00a0\u00bb25px||25px|20px|true|false\u00a0\u00bb custom_margin_phone=\u00a0\u00bb|20px||0px|true|false\u00a0\u00bb custom_margin_last_edited=\u00a0\u00bbon|desktop\u00a0\u00bb custom_padding=\u00a0\u00bb|||0px||\u00a0\u00bb global_colors_info=\u00a0\u00bb{}\u00a0\u00bb][\/et_pb_image][\/et_pb_column][et_pb_column type=\u00a0\u00bb2_3&Prime; _builder_version=\u00a0\u00bb4.17.6&Prime; _module_preset=\u00a0\u00bbdefault\u00a0\u00bb global_colors_info=\u00a0\u00bb{}\u00a0\u00bb][\/et_pb_column][\/et_pb_row][et_pb_row _builder_version=\u00a0\u00bb4.17.6&Prime; _module_preset=\u00a0\u00bbdefault\u00a0\u00bb background_color=\u00a0\u00bbrgba(63,74,147,0.32)\u00a0\u00bb module_alignment=\u00a0\u00bbcenter\u00a0\u00bb custom_margin=\u00a0\u00bb|auto||auto|false|false\u00a0\u00bb hover_enabled=\u00a0\u00bb0&Prime; border_radii=\u00a0\u00bboff|20px|20px|20px|20px\u00a0\u00bb global_colors_info=\u00a0\u00bb{}\u00a0\u00bb sticky_enabled=\u00a0\u00bb0&Prime;][et_pb_column type=\u00a0\u00bb4_4&Prime; _builder_version=\u00a0\u00bb4.17.6&Prime; _module_preset=\u00a0\u00bbdefault\u00a0\u00bb global_colors_info=\u00a0\u00bb{}\u00a0\u00bb][et_pb_text _builder_version=\u00a0\u00bb4.17.6&Prime; _module_preset=\u00a0\u00bbdefault\u00a0\u00bb text_text_color=\u00a0\u00bb#FFFFFF\u00a0\u00bb text_font_size=\u00a0\u00bb20px\u00a0\u00bb background_enable_color=\u00a0\u00bboff\u00a0\u00bb custom_margin=\u00a0\u00bb||10px||false|false\u00a0\u00bb custom_padding=\u00a0\u00bb10px|15px|10px|15px|true|true\u00a0\u00bb hover_enabled=\u00a0\u00bb0&Prime; text_font_size_tablet=\u00a0\u00bb20px\u00a0\u00bb text_font_size_phone=\u00a0\u00bb20px\u00a0\u00bb text_font_size_last_edited=\u00a0\u00bbon|phone\u00a0\u00bb text_text_shadow_style=\u00a0\u00bbpreset3&Prime; border_radii=\u00a0\u00bboff|20px|20px||\u00a0\u00bb inline_fonts=\u00a0\u00bbCapriola\u00a0\u00bb global_colors_info=\u00a0\u00bb{}\u00a0\u00bb sticky_enabled=\u00a0\u00bb0&Prime;]<\/p>\n<h2 data-start=\"206\" data-end=\"427\" style=\"text-align: center;\"><span style=\"font-size: large;\"><em><span style=\"color: #ffffff; font-family: Capriola; font-weight: normal;\"><strong>Rejoignez-nous deux week-ends par an, au printemps et \u00e0 l&rsquo;automne, pour un rendez-vous d\u00e9di\u00e9 au luth et aux cordes pinc\u00e9es ! <\/strong><\/span><\/em><\/span><\/h2>\n<h2 data-start=\"206\" data-end=\"427\" style=\"text-align: center;\"><span style=\"font-size: large;\"><span style=\"color: #ffffff; font-family: Capriola; font-weight: normal;\"><strong>La prochaine \u00e9dition de notre festival <em>Le Luth Enchant\u00e9<\/em> aura lieu du 1er au 3 mai 2026\u00a0<\/strong><\/span><strong><\/strong><\/span><\/h2>\n<p style=\"text-align: center;\"><span style=\"font-size: large; color: #ffffff; font-family: Capriola; font-weight: normal;\"><strong>Programme et billetterie ci-dessous :\u00a0<\/strong><\/span><span style=\"font-size: medium; color: #ffffff; font-family: Capriola; font-weight: normal;\"><strong><\/strong><\/span><\/p>\n<p data-start=\"429\" data-end=\"656\">\n<p>[\/et_pb_text][\/et_pb_column][\/et_pb_row][et_pb_row _builder_version=\u00a0\u00bb4.17.6&Prime; _module_preset=\u00a0\u00bbdefault\u00a0\u00bb][et_pb_column _builder_version=\u00a0\u00bb4.17.6&Prime; _module_preset=\u00a0\u00bbdefault\u00a0\u00bb type=\u00a0\u00bb4_4&Prime;][\/et_pb_column][\/et_pb_row][et_pb_row _builder_version=\u00a0\u00bb4.17.6&Prime; _module_preset=\u00a0\u00bbdefault\u00a0\u00bb width=\u00a0\u00bb100%\u00a0\u00bb max_width=\u00a0\u00bb2900px\u00a0\u00bb module_alignment=\u00a0\u00bbcenter\u00a0\u00bb custom_margin=\u00a0\u00bb|auto||auto|false|false\u00a0\u00bb hover_enabled=\u00a0\u00bb0&Prime; global_colors_info=\u00a0\u00bb{}\u00a0\u00bb sticky_enabled=\u00a0\u00bb0&Prime;][et_pb_column type=\u00a0\u00bb4_4&Prime; _builder_version=\u00a0\u00bb4.17.6&Prime; _module_preset=\u00a0\u00bbdefault\u00a0\u00bb global_colors_info=\u00a0\u00bb{}\u00a0\u00bb][et_pb_code _builder_version=\u00a0\u00bb4.17.6&Prime; _module_preset=\u00a0\u00bbdefault\u00a0\u00bb background_image=\u00a0\u00bbhttp:\/\/acma.ch\/new\/wordpress\/wp-content\/uploads\/2025\/06\/fonds2025-rectoA6.jpg\u00a0\u00bb width=\u00a0\u00bb100%\u00a0\u00bb global_colors_info=\u00a0\u00bb{}\u00a0\u00bb]\n<!-- iframe plugin v.4.5 wordpress.org\/plugins\/iframe\/ -->\n<iframe loading=\"lazy\" src=\"https:\/\/infomaniak.events\/fr-ch\/shop\/acma-le-luth-enchante-2026-HS5G4BPFHM\" width=\"100%\" height=\"952px\" scrolling=\"yes\" class=\"iframe-class\" frameborder=\"0\"><\/iframe>\n[\/et_pb_code][\/et_pb_column][\/et_pb_row][\/et_pb_section]<\/p>\n","protected":false},"excerpt":{"rendered":"<p>Rejoignez-nous deux week-ends par an, au printemps et \u00e0 l&rsquo;automne, pour un rendez-vous d\u00e9di\u00e9 au luth et aux cordes pinc\u00e9es ! La prochaine \u00e9dition de notre festival Le Luth Enchant\u00e9 aura lieu du 1er au 3 mai 2026\u00a0 Programme et billetterie ci-dessous :\u00a0 \n<!-- iframe plugin v.4.5 wordpress.org\/plugins\/iframe\/ -->\n<iframe src=\"https:\/\/infomaniak.events\/fr-ch\/shop\/acma-le-luth-enchante-2026-HS5G4BPFHM\" width=\"100%\" height=\"952px\" scrolling=\"yes\" class=\"iframe-class\" frameborder=\"0\"><\/iframe>\n<\/p>\n","protected":false},"author":2,"featured_media":0,"parent":0,"menu_order":0,"comment_status":"closed","ping_status":"closed","template":"","meta":{"_et_pb_use_builder":"on","_et_pb_old_content":"","_et_gb_content_width":""},"_links":{"self":[{"href":"https:\/\/acma.ch\/new\/wordpress\/wp-json\/wp\/v2\/pages\/4847"}],"collection":[{"href":"https:\/\/acma.ch\/new\/wordpress\/wp-json\/wp\/v2\/pages"}],"about":[{"href":"https:\/\/acma.ch\/new\/wordpress\/wp-json\/wp\/v2\/types\/page"}],"author":[{"embeddable":true,"href":"https:\/\/acma.ch\/new\/wordpress\/wp-json\/wp\/v2\/users\/2"}],"replies":[{"embeddable":true,"href":"https:\/\/acma.ch\/new\/wordpress\/wp-json\/wp\/v2\/comments?post=4847"}],"version-history":[{"count":28,"href":"https:\/\/acma.ch\/new\/wordpress\/wp-json\/wp\/v2\/pages\/4847\/revisions"}],"predecessor-version":[{"id":5038,"href":"https:\/\/acma.ch\/new\/wordpress\/wp-json\/wp\/v2\/pages\/4847\/revisions\/5038"}],"wp:attachment":[{"href":"https:\/\/acma.ch\/new\/wordpress\/wp-json\/wp\/v2\/media?parent=4847"}],"curies":[{"name":"wp","href":"https:\/\/api.w.org\/{rel}","templated":true}]}}