{"id":640,"date":"2018-03-20T16:01:39","date_gmt":"2018-03-20T15:01:39","guid":{"rendered":"http:\/\/acma.ch\/new\/wordpress\/?page_id=640"},"modified":"2022-03-29T22:10:22","modified_gmt":"2022-03-29T21:10:22","slug":"archives-luths-et-theorbes","status":"publish","type":"page","link":"https:\/\/acma.ch\/new\/wordpress\/archives-luths-et-theorbes\/","title":{"rendered":"Affiches Luths et Th\u00e9orbes (2002-2021)"},"content":{"rendered":"<p>[et_pb_section fb_built=\u00a0\u00bb1&Prime; background_color=\u00a0\u00bbrgba(43,117,119,0.24)\u00a0\u00bb custom_padding=\u00a0\u00bb43px|0px|122px|0px\u00a0\u00bb admin_label=\u00a0\u00bbsection\u00a0\u00bb][et_pb_row admin_label=\u00a0\u00bbLigne\u00a0\u00bb][et_pb_column type=\u00a0\u00bb4_4&Prime; parallax=\u00a0\u00bboff\u00a0\u00bb parallax_method=\u00a0\u00bbon\u00a0\u00bb][et_pb_text admin_label=\u00a0\u00bbIntitul\u00e9 LT\u00a0\u00bb header_font_size=\u00a0\u00bb40px\u00a0\u00bb header_text_color=\u00a0\u00bb#091842&Prime; text_text_color=\u00a0\u00bb#091842&Prime;]<\/p>\n<h1 style=\"text-align: center;\"><em>Luths et Th&eacute;orbes<\/em><\/h1>\n<p>[\/et_pb_text][et_pb_text admin_label=\u00a0\u00bbPr\u00e9sentation LT\u00a0\u00bb header_text_color=\u00a0\u00bb#091842&Prime; text_font_size=\u00a0\u00bb16&Prime; text_text_color=\u00a0\u00bb#091842&Prime;]<\/p>\n<p>Festival unique en son genre, ayant lieu tous les deux ans \u00e0 Gen\u00e8ve depuis 2002, <em>Luths et Th\u00e9orbes\u00a0<\/em>se d\u00e9die enti\u00e8rement \u00e0 la promotion des instruments \u00e0 cordes pinc\u00e9es anciens. Ouvert \u00e0 tous les publics, il a pour but de faire conna\u00eetre les luths, vihuelas et autres guitares renaissance et baroques en-dehors du cercle des \u00ab\u00a0aficionados\u00a0\u00bb.<\/p>\n<p>Sa programmation est riche et vari\u00e9e, tant par les r\u00e9pertoires pr\u00e9sent\u00e9s (estampies et ballades du Moyen Age, madrigaux, fantaisies, chansons et danses de la Renaissance, airs et cantates baroques, lute-songs \u00e9lisab\u00e9thains, \u00ab\u00a0arie\u00a0\u00bb et \u00ab\u00a0toccate\u00a0\u00bb italiennes) que par la diversit\u00e9 des solistes et ensembles invit\u00e9s, qu\u2019ils soient d\u2019ici ou d\u2019ailleurs.<\/p>\n<p>Resurgis, reconstruits, r\u00e9interpr\u00e9t\u00e9s et r\u00e9invent\u00e9s gr\u00e2ce aux recherches musicologiques, organologiques et iconographiques dans les sources, ces instruments intimistes et leurs r\u00e9pertoires d\u00e9licats invitent le public \u00e0 un moment de d\u00e9couverte et de d\u00e9tente partag\u00e9e.<\/p>\n<p>&nbsp;<\/p>\n<p>&nbsp;<\/p>\n<p>&nbsp;<\/p>\n<p>[\/et_pb_text][et_pb_image src=\u00a0\u00bbhttp:\/\/acma.ch\/new\/wordpress\/wp-content\/uploads\/2022\/03\/LE_affiche_artistes_1240x1754.jpg\u00a0\u00bb align=\u00a0\u00bbcenter\u00a0\u00bb max_width=\u00a0\u00bb490px\u00a0\u00bb use_border_color=\u00a0\u00bbon\u00a0\u00bb][\/et_pb_image][et_pb_image src=\u00a0\u00bbhttp:\/\/acma.ch\/new\/wordpress\/wp-content\/uploads\/2022\/03\/affiche-2021.png\u00a0\u00bb animation=\u00a0\u00bboff\u00a0\u00bb align=\u00a0\u00bbcenter\u00a0\u00bb max_width=\u00a0\u00bb600px\u00a0\u00bb max_width_last_edited=\u00a0\u00bbon|desktop\u00a0\u00bb][\/et_pb_image][et_pb_image][\/et_pb_image][\/et_pb_column][\/et_pb_row][et_pb_row admin_label=\u00a0\u00bbLigne\u00a0\u00bb][et_pb_column type=\u00a0\u00bb4_4&Prime; parallax=\u00a0\u00bboff\u00a0\u00bb parallax_method=\u00a0\u00bbon\u00a0\u00bb][et_pb_image src=\u00a0\u00bbhttp:\/\/acma.ch\/new\/wordpress\/wp-content\/uploads\/2020\/11\/Flyer-ACMA_Dec_20-recto-jpeg.jpg\u00a0\u00bb animation=\u00a0\u00bboff\u00a0\u00bb admin_label=\u00a0\u00bbLT20 automne 2&Prime; use_border_color=\u00a0\u00bbon\u00a0\u00bb border_color=\u00a0\u00bb#091842&Prime; align=\u00a0\u00bbcenter\u00a0\u00bb max_width=\u00a0\u00bb490px\u00a0\u00bb][\/et_pb_image][et_pb_image src=\u00a0\u00bbhttp:\/\/acma.ch\/new\/wordpress\/wp-content\/uploads\/2019\/10\/Flyer-Nov_20-recto-jpeg.jpg\u00a0\u00bb animation=\u00a0\u00bboff\u00a0\u00bb admin_label=\u00a0\u00bbLT20 automne 1&Prime; use_border_color=\u00a0\u00bbon\u00a0\u00bb border_color=\u00a0\u00bb#091842&Prime; align=\u00a0\u00bbcenter\u00a0\u00bb max_width=\u00a0\u00bb490px\u00a0\u00bb][\/et_pb_image][et_pb_image src=\u00a0\u00bbhttp:\/\/acma.ch\/new\/wordpress\/wp-content\/uploads\/2019\/10\/Flyer-ACMA_20-recto.jpg\u00a0\u00bb animation=\u00a0\u00bboff\u00a0\u00bb admin_label=\u00a0\u00bbLT20 printemps\u00a0\u00bb use_border_color=\u00a0\u00bbon\u00a0\u00bb border_color=\u00a0\u00bb#091842&Prime; align=\u00a0\u00bbcenter\u00a0\u00bb max_width=\u00a0\u00bb490px\u00a0\u00bb][\/et_pb_image][et_pb_image src=\u00a0\u00bbhttp:\/\/acma.ch\/new\/wordpress\/wp-content\/uploads\/2018\/03\/LT16.jpeg\u00a0\u00bb animation=\u00a0\u00bboff\u00a0\u00bb admin_label=\u00a0\u00bbLT 16&Prime; use_border_color=\u00a0\u00bbon\u00a0\u00bb border_color=\u00a0\u00bb#091842&Prime; align=\u00a0\u00bbcenter\u00a0\u00bb max_width=\u00a0\u00bb490px\u00a0\u00bb][\/et_pb_image][et_pb_image src=\u00a0\u00bbhttp:\/\/acma.ch\/new\/wordpress\/wp-content\/uploads\/2018\/03\/LT14.jpeg\u00a0\u00bb animation=\u00a0\u00bboff\u00a0\u00bb admin_label=\u00a0\u00bbLT 14&Prime; use_border_color=\u00a0\u00bbon\u00a0\u00bb border_color=\u00a0\u00bb#091842&Prime; align=\u00a0\u00bbcenter\u00a0\u00bb max_width=\u00a0\u00bb490px\u00a0\u00bb][\/et_pb_image][et_pb_image src=\u00a0\u00bbhttp:\/\/acma.ch\/new\/wordpress\/wp-content\/uploads\/2018\/03\/LT12.jpeg\u00a0\u00bb animation=\u00a0\u00bboff\u00a0\u00bb admin_label=\u00a0\u00bbLT 12&Prime; use_border_color=\u00a0\u00bbon\u00a0\u00bb border_color=\u00a0\u00bb#091842&Prime; align=\u00a0\u00bbcenter\u00a0\u00bb max_width=\u00a0\u00bb490px\u00a0\u00bb][\/et_pb_image][et_pb_image src=\u00a0\u00bbhttp:\/\/acma.ch\/new\/wordpress\/wp-content\/uploads\/2018\/03\/LT10.jpeg\u00a0\u00bb animation=\u00a0\u00bboff\u00a0\u00bb admin_label=\u00a0\u00bbLT 10&Prime; use_border_color=\u00a0\u00bbon\u00a0\u00bb border_color=\u00a0\u00bb#091842&Prime; align=\u00a0\u00bbcenter\u00a0\u00bb max_width=\u00a0\u00bb490px\u00a0\u00bb][\/et_pb_image][et_pb_image src=\u00a0\u00bbhttp:\/\/acma.ch\/new\/wordpress\/wp-content\/uploads\/2018\/03\/LT08.jpeg\u00a0\u00bb animation=\u00a0\u00bboff\u00a0\u00bb admin_label=\u00a0\u00bbLT 08&Prime; use_border_color=\u00a0\u00bbon\u00a0\u00bb border_color=\u00a0\u00bb#091842&Prime; align=\u00a0\u00bbcenter\u00a0\u00bb max_width=\u00a0\u00bb490px\u00a0\u00bb][\/et_pb_image][et_pb_image src=\u00a0\u00bbhttp:\/\/acma.ch\/new\/wordpress\/wp-content\/uploads\/2018\/03\/LT06.jpeg\u00a0\u00bb animation=\u00a0\u00bboff\u00a0\u00bb admin_label=\u00a0\u00bbLT 06&Prime; use_border_color=\u00a0\u00bbon\u00a0\u00bb border_color=\u00a0\u00bb#091842&Prime; align=\u00a0\u00bbcenter\u00a0\u00bb max_width=\u00a0\u00bb490px\u00a0\u00bb][\/et_pb_image][et_pb_image src=\u00a0\u00bbhttp:\/\/acma.ch\/new\/wordpress\/wp-content\/uploads\/2018\/08\/Tract-ACMA-04.jpeg\u00a0\u00bb animation=\u00a0\u00bboff\u00a0\u00bb admin_label=\u00a0\u00bbLT 04&Prime; use_border_color=\u00a0\u00bbon\u00a0\u00bb border_color=\u00a0\u00bb#091842&Prime; align=\u00a0\u00bbcenter\u00a0\u00bb max_width=\u00a0\u00bb490px\u00a0\u00bb][\/et_pb_image][et_pb_image src=\u00a0\u00bbhttp:\/\/acma.ch\/new\/wordpress\/wp-content\/uploads\/2018\/03\/LT02.jpeg\u00a0\u00bb animation=\u00a0\u00bboff\u00a0\u00bb admin_label=\u00a0\u00bbLT 02&Prime; use_border_color=\u00a0\u00bbon\u00a0\u00bb border_color=\u00a0\u00bb#091842&Prime; align=\u00a0\u00bbcenter\u00a0\u00bb always_center_on_mobile=\u00a0\u00bboff\u00a0\u00bb max_width=\u00a0\u00bb490px\u00a0\u00bb disabled_on=\u00a0\u00bboff|off|on\u00a0\u00bb][\/et_pb_image][\/et_pb_column][\/et_pb_row][\/et_pb_section]<\/p>\n","protected":false},"excerpt":{"rendered":"<p>Luths et Th&eacute;orbesFestival unique en son genre, ayant lieu tous les deux ans \u00e0 Gen\u00e8ve depuis 2002, Luths et Th\u00e9orbes\u00a0se d\u00e9die enti\u00e8rement \u00e0 la promotion des instruments \u00e0 cordes pinc\u00e9es anciens. Ouvert \u00e0 tous les publics, il a pour but de faire conna\u00eetre les luths, vihuelas et autres guitares renaissance et baroques en-dehors du cercle [&hellip;]<\/p>\n","protected":false},"author":2,"featured_media":0,"parent":0,"menu_order":0,"comment_status":"closed","ping_status":"closed","template":"","meta":{"_et_pb_use_builder":"on","_et_pb_old_content":"","_et_gb_content_width":""},"_links":{"self":[{"href":"https:\/\/acma.ch\/new\/wordpress\/wp-json\/wp\/v2\/pages\/640"}],"collection":[{"href":"https:\/\/acma.ch\/new\/wordpress\/wp-json\/wp\/v2\/pages"}],"about":[{"href":"https:\/\/acma.ch\/new\/wordpress\/wp-json\/wp\/v2\/types\/page"}],"author":[{"embeddable":true,"href":"https:\/\/acma.ch\/new\/wordpress\/wp-json\/wp\/v2\/users\/2"}],"replies":[{"embeddable":true,"href":"https:\/\/acma.ch\/new\/wordpress\/wp-json\/wp\/v2\/comments?post=640"}],"version-history":[{"count":26,"href":"https:\/\/acma.ch\/new\/wordpress\/wp-json\/wp\/v2\/pages\/640\/revisions"}],"predecessor-version":[{"id":3902,"href":"https:\/\/acma.ch\/new\/wordpress\/wp-json\/wp\/v2\/pages\/640\/revisions\/3902"}],"wp:attachment":[{"href":"https:\/\/acma.ch\/new\/wordpress\/wp-json\/wp\/v2\/media?parent=640"}],"curies":[{"name":"wp","href":"https:\/\/api.w.org\/{rel}","templated":true}]}}